{"id":12,"date":"2016-08-04T08:18:26","date_gmt":"2016-08-04T08:18:26","guid":{"rendered":"https:\/\/www.b-52.at\/mach\/?page_id=12"},"modified":"2025-04-14T16:24:57","modified_gmt":"2025-04-14T14:24:57","slug":"contact","status":"publish","type":"page","link":"https:\/\/www.erwinmach.com\/en\/contact\/","title":{"rendered":"Kontakt"},"content":{"rendered":"<div class=\"fusion-fullwidth fullwidth-box fusion-builder-row-1 fusion-flex-container has-pattern-background has-mask-background fusion-parallax-none nonhundred-percent-fullwidth non-hundred-percent-height-scrolling lazyload\" style=\"--awb-border-sizes-top:0px;--awb-border-sizes-bottom:0px;--awb-border-sizes-left:0px;--awb-border-sizes-right:0px;--awb-border-radius-top-left:0px;--awb-border-radius-top-right:0px;--awb-border-radius-bottom-right:0px;--awb-border-radius-bottom-left:0px;--awb-padding-bottom:5%;--awb-background-size:cover;--awb-flex-wrap:wrap;\" data-bg=\"https:\/\/www.erwinmach.com\/wp-content\/uploads\/2020\/08\/Hintergrund_Bild_2.jpg\" ><div class=\"fusion-builder-row fusion-row fusion-flex-align-items-flex-start fusion-flex-justify-content-center fusion-flex-content-wrap\" style=\"max-width:calc( 1170px + 0px );margin-left: calc(-0px \/ 2 );margin-right: calc(-0px \/ 2 );\"><div class=\"fusion-layout-column fusion_builder_column fusion-builder-column-0 fusion_builder_column_2_3 2_3 fusion-flex-column fusion-animated\" style=\"--awb-bg-size:cover;--awb-width-large:66.666666666667%;--awb-margin-top-large:30px;--awb-spacing-right-large:calc( 0.045 * calc( 100% - 0px ) );--awb-margin-bottom-large:70px;--awb-spacing-left-large:calc( 0.045 * calc( 100% - 0px ) );--awb-width-medium:100%;--awb-order-medium:0;--awb-spacing-right-medium:0px;--awb-spacing-left-medium:0px;--awb-width-small:100%;--awb-order-small:0;--awb-spacing-right-small:0px;--awb-spacing-left-small:0px;\" data-animationType=\"fadeIn\" data-animationDuration=\"1.0\" data-animationOffset=\"top-into-view\"><div class=\"fusion-column-wrapper fusion-column-has-shadow fusion-flex-justify-content-flex-start fusion-content-layout-column\"><div class=\"fusion-title title fusion-title-1 fusion-sep-none fusion-title-center fusion-title-text fusion-title-size-two\" style=\"--awb-text-color:#ffffff;--awb-margin-top:15px;--awb-margin-top-small:0px;--awb-margin-right-small:0px;--awb-margin-bottom-small:20px;--awb-margin-left-small:0px;--awb-font-size:100px;\"><h2 class=\"fusion-title-heading title-heading-center fusion-responsive-typography-calculated\" style=\"margin:0;font-size:1em;--fontSize:100;line-height:1;\"><h2 style=\"text-align: left;\" data-fontsize=\"32\" data-lineheight=\"41\"><span style=\"color: #ffffff;\">Get in touch now!<\/span><\/h2><\/h2><\/div><div class=\"fusion-separator fusion-full-width-sep\" style=\"align-self: center;margin-left: auto;margin-right: auto;margin-top:20px;width:100%;\"><\/div><div class=\"fusion-text fusion-text-1\"><div class=\"fusion-text\"><\/div>\n<div class=\"fusion-text\">\n<p><span style=\"color: #ffffff;\">Do you have questions about our rubber manufacturing, elastomer products, or do you need support with special requirements? Contact us! We are your problem-solver for rubber molded parts, silicone components, and rubber solutions. We look forward to hearing from you.<\/span><\/p>\n<\/div>\n<\/div><div class=\"fusion-separator fusion-full-width-sep\" style=\"align-self: center;margin-left: auto;margin-right: auto;margin-top:50px;width:100%;\"><\/div>\n<div class=\"wpcf7 no-js\" id=\"wpcf7-f85-o1\" lang=\"en-US\" dir=\"ltr\" data-wpcf7-id=\"85\">\n<div class=\"screen-reader-response\"><p role=\"status\" aria-live=\"polite\" aria-atomic=\"true\"><\/p> <ul><\/ul><\/div>\n<form action=\"\/en\/wp-json\/wp\/v2\/pages\/12#wpcf7-f85-o1\" method=\"post\" class=\"wpcf7-form init\" aria-label=\"Contact form\" novalidate=\"novalidate\" data-status=\"init\">\n<fieldset class=\"hidden-fields-container\"><input type=\"hidden\" name=\"_wpcf7\" value=\"85\" \/><input type=\"hidden\" name=\"_wpcf7_version\" value=\"6.1.5\" \/><input type=\"hidden\" name=\"_wpcf7_locale\" value=\"en_US\" \/><input type=\"hidden\" name=\"_wpcf7_unit_tag\" value=\"wpcf7-f85-o1\" \/><input type=\"hidden\" name=\"_wpcf7_container_post\" value=\"0\" \/><input type=\"hidden\" name=\"_wpcf7_posted_data_hash\" value=\"\" \/><input type=\"hidden\" name=\"_wpcf7_recaptcha_response\" value=\"\" \/>\n<\/fieldset>\n<div class=\"form-table-row\">\n\t<div class=\"form-table-cell\">\n\t\t<p><span><label><span class=\"wpcf7-form-control-wrap\" data-name=\"Vorname\"><input size=\"40\" maxlength=\"400\" class=\"wpcf7-form-control wpcf7-text wpcf7-validates-as-required\" aria-required=\"true\" aria-invalid=\"false\" placeholder=\"Vorname*\" value=\"\" type=\"text\" name=\"Vorname\" \/><\/span><\/label><\/span>\n\t\t<\/p>\n\t<\/div>\n\t<div class=\"form-table-cell\">\n\t\t<p><span><label><span class=\"wpcf7-form-control-wrap\" data-name=\"Nachname\"><input size=\"40\" maxlength=\"400\" class=\"wpcf7-form-control wpcf7-text wpcf7-validates-as-required\" aria-required=\"true\" aria-invalid=\"false\" placeholder=\"Nachname*\" value=\"\" type=\"text\" name=\"Nachname\" \/><\/span><\/label><\/span>\n\t\t<\/p>\n\t<\/div>\n<\/div>\n<div class=\"form-table-row\">\n\t<div class=\"form-table-cell\">\n\t\t<p><label><span class=\"wpcf7-form-control-wrap\" data-name=\"email-55\"><input size=\"40\" maxlength=\"400\" class=\"wpcf7-form-control wpcf7-email wpcf7-validates-as-required wpcf7-text wpcf7-validates-as-email\" aria-required=\"true\" aria-invalid=\"false\" placeholder=\"E-Mail-Adresse*\" value=\"\" type=\"email\" name=\"email-55\" \/><\/span><\/label>\n\t\t<\/p>\n\t<\/div>\n\t<div class=\"form-table-cell\">\n\t\t<p><label><span class=\"wpcf7-form-control-wrap\" data-name=\"tel-612\"><input size=\"40\" maxlength=\"400\" class=\"wpcf7-form-control wpcf7-tel wpcf7-text wpcf7-validates-as-tel\" aria-invalid=\"false\" placeholder=\"Telefonnummer\" value=\"\" type=\"tel\" name=\"tel-612\" \/><\/span><\/label>\n\t\t<\/p>\n\t<\/div>\n<\/div>\n<div class=\"form-table-row\">\n\t<div class=\"form-table-cell\">\n\t\t<p><label><span class=\"wpcf7-form-control-wrap\" data-name=\"text-548\"><input size=\"40\" maxlength=\"400\" class=\"wpcf7-form-control wpcf7-text wpcf7-validates-as-required\" aria-required=\"true\" aria-invalid=\"false\" placeholder=\"Firma*\" value=\"\" type=\"text\" name=\"text-548\" \/><\/span><\/label>\n\t\t<\/p>\n\t<\/div>\n\t<div class=\"form-table-cell\">\n\t\t<p><label><span class=\"wpcf7-form-control-wrap\" data-name=\"Betreff\"><input size=\"40\" maxlength=\"400\" class=\"wpcf7-form-control wpcf7-text wpcf7-validates-as-required\" aria-required=\"true\" aria-invalid=\"false\" placeholder=\"Betreff*\" value=\"\" type=\"text\" name=\"Betreff\" \/><\/span><\/label><br \/>\n<span id=\"wpcf7-69f282e46cb31-wrapper\" class=\"wpcf7-form-control-wrap mail-719-wrap\" style=\"display:none !important; visibility:hidden !important;\"><label for=\"wpcf7-69f282e46cb31-field\" class=\"hp-message\">Please leave this field empty.<\/label><input id=\"wpcf7-69f282e46cb31-field\"  class=\"wpcf7-form-control wpcf7-text\" type=\"text\" name=\"mail-719\" value=\"\" size=\"40\" tabindex=\"-1\" autocomplete=\"new-password\" \/><\/span><span id=\"wpcf7-69f282e46cb93-wrapper\" class=\"wpcf7-form-control-wrap website-719-wrap\" style=\"display:none !important; visibility:hidden !important;\"><label for=\"wpcf7-69f282e46cb93-field\" class=\"hp-message\">Please leave this field empty.<\/label><input id=\"wpcf7-69f282e46cb93-field\"  class=\"wpcf7-form-control wpcf7-text\" type=\"text\" name=\"website-719\" value=\"\" size=\"40\" tabindex=\"-1\" autocomplete=\"new-password\" \/><\/span>\n\t\t<\/p>\n\t<\/div>\n<\/div>\n<p><span class=\"wpcf7-form-control-wrap\" data-name=\"textarea-387\"><textarea cols=\"40\" rows=\"10\" maxlength=\"2000\" class=\"wpcf7-form-control wpcf7-textarea wpcf7-validates-as-required\" aria-required=\"true\" aria-invalid=\"false\" placeholder=\"Ihr Anliegen*\" name=\"textarea-387\"><\/textarea><\/span>\n<\/p>\n<p><input class=\"wpcf7-form-control wpcf7-submit has-spinner\" type=\"submit\" value=\"Senden\" \/>\n<\/p><div class=\"fusion-alert alert custom alert-custom fusion-alert-center wpcf7-response-output fusion-alert-capitalize awb-alert-native-link-color alert-dismissable awb-alert-close-boxed\" style=\"--awb-border-top-left-radius:0px;--awb-border-top-right-radius:0px;--awb-border-bottom-left-radius:0px;--awb-border-bottom-right-radius:0px;\" role=\"alert\"><div class=\"fusion-alert-content-wrapper\"><span class=\"fusion-alert-content\"><\/span><\/div><button type=\"button\" class=\"close toggle-alert\" data-dismiss=\"alert\" aria-label=\"Close\">&times;<\/button><\/div>\n<\/form>\n<\/div>\n<\/div><\/div><div class=\"fusion-layout-column fusion_builder_column fusion-builder-column-1 fusion_builder_column_1_3 1_3 fusion-flex-column fusion-flex-align-self-flex-end fusion-animated\" style=\"--awb-padding-bottom:43%;--awb-bg-size:cover;--awb-width-large:33.333333333333%;--awb-margin-top-large:60px;--awb-spacing-right-large:calc( 0.09 * calc( 100% - 0px ) );--awb-margin-bottom-large:70px;--awb-spacing-left-large:calc( 0.09 * calc( 100% - 0px ) );--awb-width-medium:100%;--awb-order-medium:0;--awb-spacing-right-medium:0px;--awb-spacing-left-medium:0px;--awb-width-small:100%;--awb-order-small:0;--awb-spacing-right-small:0px;--awb-spacing-left-small:0px;\" data-animationType=\"fadeIn\" data-animationDuration=\"1.0\" data-animationOffset=\"top-into-view\"><div class=\"fusion-column-wrapper fusion-column-has-shadow fusion-flex-justify-content-center fusion-content-layout-column\"><ul style=\"--awb-size:20px;--awb-iconcolor:var(--awb-color1);--awb-textcolor:var(--awb-color1);--awb-line-height:34px;--awb-icon-width:34px;--awb-icon-height:34px;--awb-icon-margin:14px;--awb-content-margin:48px;\" class=\"fusion-checklist fusion-checklist-1 fusion-checklist-default type-icons\"><li class=\"fusion-li-item\" style=\"--awb-circlecolor:rgba(255,255,255,0);--awb-iconcolor:var(--awb-color1);\"><span class=\"icon-wrapper circle-no\"><i class=\"fusion-li-icon fa-home fas\" aria-hidden=\"true\"><\/i><\/span><div class=\"fusion-li-item-content\">\n<p>Haydnstra\u00dfe 88<br \/>\nA-7024 Hirm<\/p>\n<\/div><\/li><li class=\"fusion-li-item\" style=\"\"><span class=\"icon-wrapper circle-no\"><i class=\"fusion-li-icon fa-phone fas\" aria-hidden=\"true\"><\/i><\/span><div class=\"fusion-li-item-content\">\n<p>+43 (0) 2687 47272<\/p>\n<\/div><\/li><li class=\"fusion-li-item\" style=\"\"><span class=\"icon-wrapper circle-no\"><i class=\"fusion-li-icon fa-fax fas\" aria-hidden=\"true\"><\/i><\/span><div class=\"fusion-li-item-content\">+43 (0) 2687 47274<\/div><\/li><li class=\"fusion-li-item\" style=\"\"><span class=\"icon-wrapper circle-no\"><i class=\"fusion-li-icon fa-envelope fas\" aria-hidden=\"true\"><\/i><\/span><div class=\"fusion-li-item-content\">\n<p><a href=\"mailto:office@erwinmach.com\">office@erwinmach.com<\/a><\/p>\n<\/div><\/li><li class=\"fusion-li-item\" style=\"\"><span class=\"icon-wrapper circle-no\"><i class=\"fusion-li-icon fa-clock fas\" aria-hidden=\"true\"><\/i><\/span><div class=\"fusion-li-item-content\">\n<p>MO-DO: 6:30-15:00 Uhr<br \/>\nFR: 6:30-12:30 Uhr<\/p>\n<\/div><\/li><li class=\"fusion-li-item\" style=\"\"><span class=\"icon-wrapper circle-no\"><i class=\"fusion-li-icon fa-check fas\" aria-hidden=\"true\"><\/i><\/span><div class=\"fusion-li-item-content\">UID: ATU 68276607<\/div><\/li><\/ul><\/div><\/div><\/div><\/div>\n","protected":false},"excerpt":{"rendered":"","protected":false},"author":1,"featured_media":0,"parent":0,"menu_order":0,"comment_status":"closed","ping_status":"closed","template":"100-width.php","meta":{"footnotes":""},"class_list":["post-12","page","type-page","status-publish","hentry"],"translation":{"provider":"WPGlobus","version":"3.0.2","language":"en","enabled_languages":["de","en"],"languages":{"de":{"title":true,"content":true,"excerpt":false},"en":{"title":false,"content":true,"excerpt":false}}},"yoast_head":"<!-- This site is optimized with the Yoast SEO plugin v27.2 - https:\/\/yoast.com\/product\/yoast-seo-wordpress\/ -->\n<title>Kontakt - Erwin Mach Gummitechnik<\/title>\n<meta name=\"robots\" content=\"index, follow, max-snippet:-1, max-image-preview:large, max-video-preview:-1\" \/>\n<link rel=\"canonical\" href=\"https:\/\/www.erwinmach.com\/contact\/\" \/>\n<meta property=\"og:locale\" content=\"en_US\" \/>\n<meta property=\"og:type\" content=\"article\" \/>\n<meta property=\"og:title\" content=\"Kontakt - Erwin Mach Gummitechnik\" \/>\n<meta property=\"og:url\" content=\"https:\/\/www.erwinmach.com\/contact\/\" \/>\n<meta property=\"og:site_name\" content=\"Erwin Mach Gummitechnik\" \/>\n<meta property=\"article:modified_time\" content=\"2025-04-14T14:24:57+00:00\" \/>\n<meta name=\"twitter:card\" content=\"summary_large_image\" \/>\n<meta name=\"twitter:label1\" content=\"Est. reading time\" \/>\n\t<meta name=\"twitter:data1\" content=\"1 minute\" \/>\n<script type=\"application\/ld+json\" class=\"yoast-schema-graph\">{\"@context\":\"https:\/\/schema.org\",\"@graph\":[{\"@type\":\"WebPage\",\"@id\":\"https:\/\/www.erwinmach.com\/contact\/\",\"url\":\"https:\/\/www.erwinmach.com\/contact\/\",\"name\":\"Kontakt - Erwin Mach Gummitechnik\",\"isPartOf\":{\"@id\":\"https:\/\/www.erwinmach.com\/#website\"},\"datePublished\":\"2016-08-04T08:18:26+00:00\",\"dateModified\":\"2025-04-14T14:24:57+00:00\",\"description\":\"Haben Sie Fragen zur Gummiherstellung, Elastomeren oder ben\u00f6tigen Unterst\u00fctzung bei Gummiformteilen? Kontaktieren Sie Erwin Mach Gummitechnik in \u00d6sterreich. Wir bieten ma\u00dfgeschneiderte L\u00f6sungen und Beratung f\u00fcr Ihre Kautschuk- und Silikonanforderungen.\",\"breadcrumb\":{\"@id\":\"https:\/\/www.erwinmach.com\/contact\/#breadcrumb\"},\"inLanguage\":\"en-US\",\"potentialAction\":[{\"@type\":\"ReadAction\",\"target\":[\"https:\/\/www.erwinmach.com\/contact\/\"]}]},{\"@type\":\"BreadcrumbList\",\"@id\":\"https:\/\/www.erwinmach.com\/contact\/#breadcrumb\",\"itemListElement\":[{\"@type\":\"ListItem\",\"position\":1,\"name\":\"Startseite\",\"item\":\"https:\/\/www.erwinmach.com\/\"},{\"@type\":\"ListItem\",\"position\":2,\"name\":\"Kontakt\"}]},{\"@type\":\"WebSite\",\"@id\":\"https:\/\/www.erwinmach.com\/#website\",\"url\":\"https:\/\/www.erwinmach.com\/\",\"name\":\"Erwin Mach Gummitechnik\",\"description\":\"\",\"publisher\":{\"@id\":\"https:\/\/www.erwinmach.com\/#organization\"},\"potentialAction\":[{\"@type\":\"SearchAction\",\"target\":{\"@type\":\"EntryPoint\",\"urlTemplate\":\"https:\/\/www.erwinmach.com\/?s={search_term_string}\"},\"query-input\":{\"@type\":\"PropertyValueSpecification\",\"valueRequired\":true,\"valueName\":\"search_term_string\"}}],\"inLanguage\":\"en-US\"},{\"@type\":\"Organization\",\"@id\":\"https:\/\/www.erwinmach.com\/#organization\",\"name\":\"Erwin Mach Gummitechnik GmbH\",\"url\":\"https:\/\/www.erwinmach.com\/\",\"logo\":{\"@type\":\"ImageObject\",\"inLanguage\":\"en-US\",\"@id\":\"https:\/\/www.erwinmach.com\/#\/schema\/logo\/image\/\",\"url\":\"https:\/\/www.erwinmach.com\/wp-content\/uploads\/2020\/08\/Logo_Retina_4.png\",\"contentUrl\":\"https:\/\/www.erwinmach.com\/wp-content\/uploads\/2020\/08\/Logo_Retina_4.png\",\"width\":400,\"height\":100,\"caption\":\"Erwin Mach Gummitechnik GmbH\"},\"image\":{\"@id\":\"https:\/\/www.erwinmach.com\/#\/schema\/logo\/image\/\"}}]}<\/script>\n<!-- \/ Yoast SEO plugin. -->","yoast_head_json":{"title":"Kontakt - Erwin Mach Gummitechnik","robots":{"index":"index","follow":"follow","max-snippet":"max-snippet:-1","max-image-preview":"max-image-preview:large","max-video-preview":"max-video-preview:-1"},"canonical":"https:\/\/www.erwinmach.com\/contact\/","og_locale":"en_US","og_type":"article","og_title":"Kontakt - Erwin Mach Gummitechnik","og_url":"https:\/\/www.erwinmach.com\/contact\/","og_site_name":"Erwin Mach Gummitechnik","article_modified_time":"2025-04-14T14:24:57+00:00","twitter_card":"summary_large_image","twitter_misc":{"Est. reading time":"1 minute"},"schema":{"@context":"https:\/\/schema.org","@graph":[{"@type":"WebPage","@id":"https:\/\/www.erwinmach.com\/contact\/","url":"https:\/\/www.erwinmach.com\/contact\/","name":"Kontakt - Erwin Mach Gummitechnik","isPartOf":{"@id":"https:\/\/www.erwinmach.com\/#website"},"datePublished":"2016-08-04T08:18:26+00:00","dateModified":"2025-04-14T14:24:57+00:00","description":"Haben Sie Fragen zur Gummiherstellung, Elastomeren oder ben\u00f6tigen Unterst\u00fctzung bei Gummiformteilen? Kontaktieren Sie Erwin Mach Gummitechnik in \u00d6sterreich. Wir bieten ma\u00dfgeschneiderte L\u00f6sungen und Beratung f\u00fcr Ihre Kautschuk- und Silikonanforderungen.","breadcrumb":{"@id":"https:\/\/www.erwinmach.com\/contact\/#breadcrumb"},"inLanguage":"en-US","potentialAction":[{"@type":"ReadAction","target":["https:\/\/www.erwinmach.com\/contact\/"]}]},{"@type":"BreadcrumbList","@id":"https:\/\/www.erwinmach.com\/contact\/#breadcrumb","itemListElement":[{"@type":"ListItem","position":1,"name":"Startseite","item":"https:\/\/www.erwinmach.com\/"},{"@type":"ListItem","position":2,"name":"Kontakt"}]},{"@type":"WebSite","@id":"https:\/\/www.erwinmach.com\/#website","url":"https:\/\/www.erwinmach.com\/","name":"Erwin Mach Gummitechnik","description":"","publisher":{"@id":"https:\/\/www.erwinmach.com\/#organization"},"potentialAction":[{"@type":"SearchAction","target":{"@type":"EntryPoint","urlTemplate":"https:\/\/www.erwinmach.com\/?s={search_term_string}"},"query-input":{"@type":"PropertyValueSpecification","valueRequired":true,"valueName":"search_term_string"}}],"inLanguage":"en-US"},{"@type":"Organization","@id":"https:\/\/www.erwinmach.com\/#organization","name":"Erwin Mach Gummitechnik GmbH","url":"https:\/\/www.erwinmach.com\/","logo":{"@type":"ImageObject","inLanguage":"en-US","@id":"https:\/\/www.erwinmach.com\/#\/schema\/logo\/image\/","url":"https:\/\/www.erwinmach.com\/wp-content\/uploads\/2020\/08\/Logo_Retina_4.png","contentUrl":"https:\/\/www.erwinmach.com\/wp-content\/uploads\/2020\/08\/Logo_Retina_4.png","width":400,"height":100,"caption":"Erwin Mach Gummitechnik GmbH"},"image":{"@id":"https:\/\/www.erwinmach.com\/#\/schema\/logo\/image\/"}}]}},"_links":{"self":[{"href":"https:\/\/www.erwinmach.com\/en\/wp-json\/wp\/v2\/pages\/12","targetHints":{"allow":["GET"]}}],"collection":[{"href":"https:\/\/www.erwinmach.com\/en\/wp-json\/wp\/v2\/pages"}],"about":[{"href":"https:\/\/www.erwinmach.com\/en\/wp-json\/wp\/v2\/types\/page"}],"author":[{"embeddable":true,"href":"https:\/\/www.erwinmach.com\/en\/wp-json\/wp\/v2\/users\/1"}],"replies":[{"embeddable":true,"href":"https:\/\/www.erwinmach.com\/en\/wp-json\/wp\/v2\/comments?post=12"}],"version-history":[{"count":19,"href":"https:\/\/www.erwinmach.com\/en\/wp-json\/wp\/v2\/pages\/12\/revisions"}],"predecessor-version":[{"id":2925,"href":"https:\/\/www.erwinmach.com\/en\/wp-json\/wp\/v2\/pages\/12\/revisions\/2925"}],"wp:attachment":[{"href":"https:\/\/www.erwinmach.com\/en\/wp-json\/wp\/v2\/media?parent=12"}],"curies":[{"name":"wp","href":"https:\/\/api.w.org\/{rel}","templated":true}]}}